{"id":2,"date":"2021-05-17T18:34:01","date_gmt":"2021-05-17T18:34:01","guid":{"rendered":"http:\/\/ristorantelincontrosantiago.es\/?page_id=2"},"modified":"2022-04-22T12:41:58","modified_gmt":"2022-04-22T12:41:58","slug":"aviso-legal","status":"publish","type":"page","link":"https:\/\/ristorantelincontrosantiago.es\/index.php\/aviso-legal\/","title":{"rendered":"Aviso Legal"},"content":{"rendered":"[et_pb_section fb_built=\u00bb1&#8243; admin_label=\u00bbsection\u00bb _builder_version=\u00bb4.16&#8243; global_colors_info=\u00bb{}\u00bb][et_pb_row admin_label=\u00bbrow\u00bb _builder_version=\u00bb4.16&#8243; background_size=\u00bbinitial\u00bb background_position=\u00bbtop_left\u00bb background_repeat=\u00bbrepeat\u00bb global_colors_info=\u00bb{}\u00bb][et_pb_column type=\u00bb4_4&#8243; _builder_version=\u00bb4.16&#8243; custom_padding=\u00bb|||\u00bb global_colors_info=\u00bb{}\u00bb custom_padding__hover=\u00bb|||\u00bb][et_pb_text admin_label=\u00bbText\u00bb _builder_version=\u00bb4.16&#8243; background_size=\u00bbinitial\u00bb background_position=\u00bbtop_left\u00bb background_repeat=\u00bbrepeat\u00bb global_colors_info=\u00bb{}\u00bb]<h3 style=\"text-align: center;\"><strong>AVISO LEGAL\u00a0<\/strong><\/h3>\n<div class=\"content-wrapper\">\n<div class=\"box-wrapper legal\">\n<div class=\"wrapper\">\n<div class=\"pages-item-text\">\n<ol>\n<li class=\"page-item-text-list-element\">\n<h3 class=\"title theme-font\"><strong>Titularidad de la P\u00e1gina Web<\/strong><\/h3>\n<p>De acuerdo con el art\u00edculo 10 de la Ley 34\/2002, de 11 de julio, de Servicios de la Sociedad de la Informaci\u00f3n y de Comercio se informa al usuario que la p\u00e1gina web es titularidad de <span>\u00a0<\/span>MAR\u00cdA MICHELA SAPONARO, NIF\/ CIF: X2494010M, con direcci\u00f3n en<span>\u00a0<\/span><span class=\"address-street\">Rua do Vilar 52,<span>\u00a0CP<\/span><\/span><span class=\"address-postal-code\">15701 &#8211;\u00a0<\/span><span class=\"address-locality\">Santiago de Compostela<\/span>, en lo sucesivo El ANUNCIANTE, el cual es responsable \u00fanico y exclusivo en relaci\u00f3n a la veracidad de la informaci\u00f3n contenida en la p\u00e1gina web en cuanto a los textos, fotograf\u00edas, logotipos, cupones, productos, servicios e im\u00e1genes visualizadas.<\/p>\n<\/li>\n<li class=\"page-item-text-list-element\">\n<h3 class=\"title theme-font\"><strong>T\u00e9rminos y condiciones de uso<\/strong><\/h3>\n<p>El acceso a esta p\u00e1gina web atribuye la condici\u00f3n de<span>\u00a0<\/span><span class=\"bold\">USUARIO<\/span>, quien accede voluntariamente a este sitio web. El mero acceso no implica el establecimiento de ning\u00fan tipo de relaci\u00f3n comercial entre el USUARIO y el ANUNCIANTE. La informaci\u00f3n suministrada en la p\u00e1gina web tiene como finalidad facilitar el conocimiento por parte de los usuarios de las actividades y de los servicios que presta el ANUNCIANTE, quien se reserva el derecho de efectuar, en cualquier momento cuantas modificaciones, variaciones, supresi\u00f3n o cancelaciones de los contenidos y en la forma de presentaci\u00f3n de los mismos que considere necesaria para la prestaci\u00f3n de los servicios. Esta facultad no otorga a los usuarios ning\u00fan derecho a percibir indemnizaci\u00f3n por da\u00f1os y perjuicios, por lo que se recomienda al USUARIO que lea este Aviso Legal tantas veces como acceda a la web.<\/p>\n<\/li>\n<li class=\"page-item-text-list-element\">\n<h3 class=\"title theme-font\"><strong>Uso indebido<\/strong><\/h3>\n<p>El USUARIO asume la responsabilidad del uso del portal, comprometi\u00e9ndose a realizar un buen uso de la p\u00e1gina web y aportar informaci\u00f3n veraz y l\u00edcita, no permiti\u00e9ndose conductas que vayan contra la ley, los derechos o intereses de terceros.<\/p>\n<p>La utilizaci\u00f3n de ciertos servicios o solicitudes al ANUNCIANTE estar\u00e1n condicionadas a la previa cumplimentaci\u00f3n del correspondiente formulario de recogida de datos. A estos efectos, el USUARIO ser\u00e1 responsable de la informaci\u00f3n falsa o inexacta que pudiera realizar o comunicar y de los perjuicios que cause al ANUNCIANTE y al responsable de la web en su caso.<\/p>\n<p>El ANUNCIANTE se reservan el derecho a denegar o retirar el acceso a la web a aquellos USUARIOS que incumplen las condiciones y obligaciones de la presente p\u00e1gina web.<\/p>\n<\/li>\n<li class=\"page-item-text-list-element\">\n<h3 class=\"title theme-font\"><strong>Exclusi\u00f3n de garant\u00edas y responsabilidad<\/strong><\/h3>\n<p>El ANUNCIANTE no se responsabilizan del mal uso que se realice de los contenidos de la p\u00e1gina web.<\/p>\n<p>No obstante, el ANUNCIANTE declara que ha adoptado todas las medidas necesarias, dentro de sus posibilidades y del estado de la tecnolog\u00eda, para garantizar el funcionamiento de la p\u00e1gina web y evitar la existencia y transmisi\u00f3n de virus y dem\u00e1s componentes da\u00f1inos a los usuarios.<\/p>\n<\/li>\n<li class=\"page-item-text-list-element\">\n<h3 class=\"title theme-font\"><strong>Enlaces<\/strong><\/h3>\n<p>En el caso de que en en el sitio web se dispusiesen enlaces o hiperv\u00ednculos hac\u00eda otros sitios de Internet, el ANUNCIANTE no ejercer\u00e1 ning\u00fan tipo de control sobre dichos sitios y contenidos, no asumiendo en ning\u00fan caso responsabilidad alguna por los contenidos de alg\u00fan enlace perteneciente a un sitio web ajeno.<\/p>\n<\/li>\n<li class=\"page-item-text-list-element\">\n<h3 class=\"title theme-font\"><strong>Propiedad intelectual e industrial<\/strong><\/h3>\n<p>El Copyright, dise\u00f1o y creaci\u00f3n de la p\u00e1gina web es titularidad de cartaenelmovil.es El acceso gratuito no implica otros derechos o licencias para reproducci\u00f3n y\/o distribuci\u00f3n sin la previa autorizaci\u00f3n expresa del propietario, por lo que, de conformidad con lo dispuesto en los art\u00edculos 8 y 32.1, p\u00e1rrafo segundo, de la Ley de Propiedad Intelectual, quedan expresamente prohibidas la reproducci\u00f3n, distribuci\u00f3n y comunicaci\u00f3n p\u00fablica de la totalidad o parte de los contenidos de esta p\u00e1gina web, con fines comerciales, en cualquier soporte y por cualquier medio t\u00e9cnico sin previa autorizaci\u00f3n, comprometi\u00e9ndose el USUARIO en respetar los derechos de Propiedad Intelectual e Industrial.<\/p>\n<p>Las marcas, logotipos, dise\u00f1os, contenidos, programas u objetos similares que forman parte de esta p\u00e1gina web, est\u00e1n protegidos por leyes de propiedad industrial e intelectual. La reproducci\u00f3n, distribuci\u00f3n, manipulaci\u00f3n o desensamblaje no autorizado de los c\u00f3digos fuente, de los algoritmos incorporados o de la base datos, ya sea total o parcial, dar\u00e1 lugar a graves penalizaciones tanto civiles como penales y ser\u00e1 objeto de cuantas acciones judiciales correspondan en Derecho.<\/p>\n<\/li>\n<li class=\"page-item-text-list-element\">\n<h3 class=\"title theme-font\"><strong>Pol\u00edtica de privacidad y protecci\u00f3n de datos<\/strong><\/h3>\n<p>En virtud de lo dispuesto en el Reglamento General de Protecci\u00f3n de Datos (RGPD), Reglamento UE 2016\/679, relativo a la protecci\u00f3n de las personas f\u00edsicas en lo que respecta al tratamiento de datos personales y a la libre circulaci\u00f3n de los mismos, se informa al USUARIO que todos los datos recabados mediante los diferentes formularios que aparecen en la web ser\u00e1n incorporados a un fichero, creado y mantenido bajo la responsabilidad del ANUNCIANTE con el fin de gestionar el env\u00edo de la informaci\u00f3n que soliciten, pudiendo elaborarse, de ser necesario, un perfil comercial, en base a la informaci\u00f3n facilitada. No se tomar\u00e1n decisiones automatizadas en base a dicho perfil. Los datos personales proporcionados se conservar\u00e1n mientras se mantenga la relaci\u00f3n mercantil, en su caso, y no se solicite su supresi\u00f3n por el interesado.<\/p>\n<p>Para ello, el ANUNCIANTE solicitar\u00e1 el consentimiento del interesado a trav\u00e9s del formulario de recogida de datos para el tratamiento de los mismos y la oferta prospectiva de productos y servicios, estando el USUARIO legitimado para retirar dicho consentimiento en cualquier momento, as\u00ed como a ejercer sus derechos de acceso, rectificaci\u00f3n, portabilidad y supresi\u00f3n de sus datos, y a presentar una reclamaci\u00f3n ante la autoridad de control , si considera que el tratamiento no se ajusta a la normativa vigente.<\/p>\n<p>Los contenidos de la p\u00e1gina web est\u00e1n dirigidos a personas mayores de edad, el ANUNCIANTE no pretende obtener datos de personas menores de edad, y cuando tenga conocimiento de que existen en su fichero datos de car\u00e1cter personal de un menor, proceder\u00e1 de inmediato a cancelar dichos datos.<\/p>\n<\/li>\n<li class=\"page-item-text-list-element\">\n<h3 class=\"title theme-font\"><strong>Pol\u00edtica de Cookies<\/strong><\/h3>\n<p>Este sitio web puede utilizar cookies t\u00e9cnicas (peque\u00f1os archivos de informaci\u00f3n que el servidor env\u00eda al ordenador de quien accede a la p\u00e1gina) para llevar a cabo determinadas funciones que son consideradas imprescindibles para el correcto funcionamiento y visualizaci\u00f3n del sitio. Las cookies utilizadas tienen, en todo caso, car\u00e1cter temporal, con la \u00fanica finalidad de hacer m\u00e1s eficaz la navegaci\u00f3n, y desaparecen al terminar la sesi\u00f3n del usuario. En ning\u00fan caso, estas cookies proporcionan por s\u00ed mismas datos de car\u00e1cter personal y no se utilizar\u00e1n para la recogida de los mismos. Este sitio web no instalar\u00e1 cookies prescindibles sin el consentimiento previo del usuario.<\/p>\n<p>El USUARIO tiene la posibilidad de configurar su navegador para ser alertado de la recepci\u00f3n de cookies y para impedir su instalaci\u00f3n en su equipo. Por favor, consulte las instrucciones de su navegador para ampliar esta informaci\u00f3n.<\/p>\n<\/li>\n<li class=\"page-item-text-list-element\">\n<h3 class=\"title theme-font\"><strong>Legislaci\u00f3n aplicable y jurisdicci\u00f3n<\/strong><\/h3>\n<p>La relaci\u00f3n con el USUARIO se regir\u00e1 por la normativa espa\u00f1ola vigente y cualquier controversia se someter\u00e1 a los Juzgados y tribunales que corresponda conforme a derecho.<span style=\"font-size: 14px;\">\u00a0<\/span><\/p>\n<\/li>\n<\/ol>\n<\/div>\n<\/div>\n<\/div>\n<\/div>\n<p><\/p>[\/et_pb_text][\/et_pb_column][\/et_pb_row][\/et_pb_section]<!-- \/wp:post-content -->","protected":false},"excerpt":{"rendered":"<p>AVISO LEGAL\u00a0 Titularidad de la P\u00e1gina Web De acuerdo con el art\u00edculo 10 de la Ley 34\/2002, de 11 de julio, de Servicios de la Sociedad de la Informaci\u00f3n y de Comercio se informa al usuario que la p\u00e1gina web es titularidad de \u00a0MAR\u00cdA MICHELA SAPONARO, NIF\/ CIF: X2494010M, con direcci\u00f3n en\u00a0Rua do Vilar 52,\u00a0CP15701 [&hellip;]<\/p>\n","protected":false},"author":1,"featured_media":0,"parent":0,"menu_order":0,"comment_status":"closed","ping_status":"closed","template":"","meta":{"_et_pb_use_builder":"on","_et_pb_old_content":"<!-- wp:paragraph -->\n<p>Esta es una p\u00e1gina de ejemplo. Es diferente a una entrada del blog porque permanecer\u00e1 en un solo lugar y aparecer\u00e1 en la navegaci\u00f3n de tu sitio (en la mayor\u00eda de los temas). La mayor\u00eda de las personas comienzan con una p\u00e1gina \u00abAcerca de\u00bb que les presenta a los visitantes potenciales del sitio. Podr\u00edas decir algo as\u00ed:<\/p>\n<!-- \/wp:paragraph -->\n\n<!-- wp:quote -->\n<blockquote class=\"wp-block-quote\"><p>\u00a1Bienvenido! Soy camarero de d\u00eda, aspirante a actor de noche y esta es mi web. Vivo en Mairena del Alcor, tengo un perro que se llama Firulais y me gusta el rebujito. (Y las tardes largas con caf\u00e9).<\/p><\/blockquote>\n<!-- \/wp:quote -->\n\n<!-- wp:paragraph -->\n<p>\u2026o algo as\u00ed:<\/p>\n<!-- \/wp:paragraph -->\n\n<!-- wp:quote -->\n<blockquote class=\"wp-block-quote\"><p>La empresa \u00abMariscos Recio\u00bb fue fundada por Antonio Recio Mata. Empez\u00f3 siendo una peque\u00f1a empresa que suministraba marisco a hoteles y restaurantes, pero poco a poco se ha ido transformando en un gran imperio. Mariscos Recio, el mar al mejor precio.<\/p><\/blockquote>\n<!-- \/wp:quote -->\n\n<!-- wp:paragraph -->\n<p>Como nuevo usuario de WordPress, deber\u00edas ir a <a href=\"http:\/\/ristorantelincontrosantiago.es\/wp-admin\/\">tu escritorio<\/a> para borrar esta p\u00e1gina y crear nuevas p\u00e1ginas para tu contenido. \u00a1P\u00e1salo bien!<\/p>\n<!-- \/wp:paragraph -->","_et_gb_content_width":"","footnotes":""},"class_list":["post-2","page","type-page","status-publish","hentry"],"_links":{"self":[{"href":"https:\/\/ristorantelincontrosantiago.es\/index.php\/wp-json\/wp\/v2\/pages\/2","targetHints":{"allow":["GET"]}}],"collection":[{"href":"https:\/\/ristorantelincontrosantiago.es\/index.php\/wp-json\/wp\/v2\/pages"}],"about":[{"href":"https:\/\/ristorantelincontrosantiago.es\/index.php\/wp-json\/wp\/v2\/types\/page"}],"author":[{"embeddable":true,"href":"https:\/\/ristorantelincontrosantiago.es\/index.php\/wp-json\/wp\/v2\/users\/1"}],"replies":[{"embeddable":true,"href":"https:\/\/ristorantelincontrosantiago.es\/index.php\/wp-json\/wp\/v2\/comments?post=2"}],"version-history":[{"count":9,"href":"https:\/\/ristorantelincontrosantiago.es\/index.php\/wp-json\/wp\/v2\/pages\/2\/revisions"}],"predecessor-version":[{"id":683,"href":"https:\/\/ristorantelincontrosantiago.es\/index.php\/wp-json\/wp\/v2\/pages\/2\/revisions\/683"}],"wp:attachment":[{"href":"https:\/\/ristorantelincontrosantiago.es\/index.php\/wp-json\/wp\/v2\/media?parent=2"}],"curies":[{"name":"wp","href":"https:\/\/api.w.org\/{rel}","templated":true}]}}