{"id":293,"date":"2021-05-18T20:11:33","date_gmt":"2021-05-18T20:11:33","guid":{"rendered":"http:\/\/ristorantelincontrosantiago.es\/?page_id=293"},"modified":"2021-05-30T16:14:33","modified_gmt":"2021-05-30T16:14:33","slug":"politica-de-cookies","status":"publish","type":"page","link":"https:\/\/ristorantelincontrosantiago.es\/index.php\/politica-de-cookies\/","title":{"rendered":"Pol\u00edtica de cookies"},"content":{"rendered":"[et_pb_section fb_built=\u00bb1&#8243; admin_label=\u00bbsection\u00bb _builder_version=\u00bb3.22&#8243;][et_pb_row admin_label=\u00bbrow\u00bb _builder_version=\u00bb3.25&#8243; background_size=\u00bbinitial\u00bb background_position=\u00bbtop_left\u00bb background_repeat=\u00bbrepeat\u00bb][et_pb_column type=\u00bb4_4&#8243; _builder_version=\u00bb3.25&#8243; custom_padding=\u00bb|||\u00bb custom_padding__hover=\u00bb|||\u00bb][et_pb_text admin_label=\u00bbText\u00bb _builder_version=\u00bb4.6.6&#8243; background_size=\u00bbinitial\u00bb background_position=\u00bbtop_left\u00bb background_repeat=\u00bbrepeat\u00bb hover_enabled=\u00bb0&#8243; sticky_enabled=\u00bb0&#8243;]<p><span style=\"font-size: 14px;\">\u00a0<\/span><\/p>\n<h2><strong>\u00bfQu\u00e9 es una \u201cCookie\u201d?<\/strong>\u00a0<\/h2>\n<p>Las cookies son peque\u00f1os archivos de textos que se usan para almacenar informaci\u00f3n. Las cookies se almacenan en tu dispositivo cuando accedes a una p\u00e1gina web desde tu navegador. Estas cookies nos ayudan a que hacer funcionar la web, a hacerla m\u00e1s segura, a mejorar la experiencia de usuario y a entender c\u00f3mo se comporta la web y d\u00f3nde es necesario hacer mejoras o corregir errores.\u00a0<\/p>\n<p>Utilizamos cookies propias y de terceros para mejorar el funcionamiento t\u00e9cnico de la web, analizar tu navegaci\u00f3n con fines estad\u00edsticos, personalizar tu experiencia o mostrar publicidad relacionada con tus preferencias.\u00a0<\/p>\n<p><!-- \/wp:post-content --><\/p>\n<p><!-- wp:heading --><\/p>\n<h2><strong>\u00bfPor qu\u00e9 debo permitir las cookies?<\/strong>\u00a0<\/h2>\n<p>Al permitir las cookies, podr\u00e1s obtener una mejor experiencia en nuestro sitio web.<\/p>\n<p><span style=\"font-size: 14px;\">Adem\u00e1s, hay algunas acciones b\u00e1sicas que requieren cookies, tales como la compra de una l\u00ednea de tel\u00e9fono o gestiones en el \u00e1rea de clientes.\u00a0<\/span><\/p>\n<p><span style=\"font-size: 14px;\"><\/span><\/p>\n<div class=\"cookies-policy-section\">\n<p class=\"title\"><\/p>\n<h2><strong>Cookies propias<\/strong><\/h2>\n<p>Las creadas o gestionadas por el responsable de la p\u00e1gina web.<\/p>\n<p><strong>Finalidades t\u00e9cnicas:<\/strong><span>\u00a0<\/span>Son aqu\u00e9llas que permiten al usuario la navegaci\u00f3n a trav\u00e9s de una p\u00e1gina web, plataforma o aplicaci\u00f3n y la utilizaci\u00f3n de las diferentes opciones o servicios que en ella existan como, por ejemplo, controlar el tr\u00e1fico y la comunicaci\u00f3n de datos o almacenar contenidos para la difusi\u00f3n de videos o sonido.<\/p>\n<p><strong>Finalidad de an\u00e1lisis:<\/strong><span>\u00a0<\/span>Son aqu\u00e9llas que permiten el seguimiento y an\u00e1lisis del comportamiento de los usuarios de la p\u00e1gina web, para la elaboraci\u00f3n de perfiles de navegaci\u00f3n, con el fin de introducir mejoras en funci\u00f3n del an\u00e1lisis de los datos de uso que se haga sobre la web. Entre otros datos, un identificador de usuario por sesi\u00f3n y la fecha de primera conexi\u00f3n a la web y de la ocasi\u00f3n anterior en la que accedi\u00f3 a la web.<\/p>\n<p><strong>Finalidad de personalizaci\u00f3n:<\/strong><span>\u00a0<\/span>Estas cookies almacenan informaci\u00f3n del comportamiento del usuario obtenida a trav\u00e9s del registro de sus h\u00e1bitos de navegaci\u00f3n, lo que permite desarrollar un perfil espec\u00edfico para ofrecer informaci\u00f3n comercial adaptada a sus gustos y preferencias. Almacenan informaci\u00f3n como el tipo de conexi\u00f3n, idioma, patrones de navegaci\u00f3n o ubicaci\u00f3n.<\/p>\n<p>&nbsp;<\/p>\n<p>&nbsp;<\/p>\n<p>&nbsp;<\/p>\n<\/div>\n<div class=\"cookies-policy-section\">\n<h2><strong>Cookies de terceros<\/strong><\/h2>\n<p>Son cookies servidas y administradas por prestadores de servicios publicitarios y\/o de an\u00e1lisis ajenos al responsable de la p\u00e1gina web.<\/p>\n<p>Estas cookies permiten la gesti\u00f3n eficaz y adaptada a las preferencias del usuario de campa\u00f1as publicitarias e informativas. Pueden almacenar informaci\u00f3n del comportamiento de los usuarios de qdqmedia.com para desarrollar un perfil espec\u00edfico para mostrar publicidad en funci\u00f3n de sus intereses.<\/p>\n<\/div>\n<p>&nbsp;<\/p>\n<p>&nbsp;<\/p>\n<p><!-- \/wp:heading --><\/p>[\/et_pb_text][\/et_pb_column][\/et_pb_row][\/et_pb_section]","protected":false},"excerpt":{"rendered":"<p>\u00a0 \u00bfQu\u00e9 es una \u201cCookie\u201d?\u00a0 Las cookies son peque\u00f1os archivos de textos que se usan para almacenar informaci\u00f3n. Las cookies se almacenan en tu dispositivo cuando accedes a una p\u00e1gina web desde tu navegador. Estas cookies nos ayudan a que hacer funcionar la web, a hacerla m\u00e1s segura, a mejorar la experiencia de usuario y [&hellip;]<\/p>\n","protected":false},"author":1,"featured_media":0,"parent":0,"menu_order":0,"comment_status":"closed","ping_status":"closed","template":"","meta":{"_et_pb_use_builder":"on","_et_pb_old_content":"<!-- wp:heading -->\n<h2>\u00bfQu\u00e9 es una \u201cCookie\u201d?<\/h2>\n<!-- \/wp:heading -->\n\n<!-- wp:paragraph -->\n<p>Las cookies son peque\u00f1os archivos de textos que se usan para almacenar informaci\u00f3n. Las cookies se almacenan en tu dispositivo cuando accedes a una p\u00e1gina web desde tu navegador. Estas cookies nos ayudan a que hacer funcionar la web, a hacerla m\u00e1s segura, a mejorar la experiencia de usuario y a entender c\u00f3mo se comporta la web y d\u00f3nde es necesario hacer mejoras o corregir errores.<\/p>\n<!-- \/wp:paragraph -->\n\n<!-- wp:paragraph -->\n<p>Utilizamos cookies propias y de terceros para mejorar el funcionamiento t\u00e9cnico de la web, analizar tu navegaci\u00f3n con fines estad\u00edsticos, personalizar tu experiencia o mostrar publicidad relacionada con tus preferencias.<\/p>\n<!-- \/wp:paragraph -->\n\n<!-- wp:heading -->\n<h2>\u00bfPor qu\u00e9 debo permitir las cookies?<\/h2>\n<!-- \/wp:heading -->\n\n<!-- wp:paragraph -->\n<p>Al permitir las cookies, podr\u00e1s obtener una mejor experiencia en nuestro sitio web.<\/p>\n<!-- \/wp:paragraph -->\n\n<!-- wp:paragraph -->\n<p>Adem\u00e1s, hay algunas acciones b\u00e1sicas que requieren cookies, tales como la compra de una l\u00ednea de tel\u00e9fono o gestiones en el \u00e1rea de clientes.<\/p>\n<!-- \/wp:paragraph -->\n\n<!-- wp:paragraph -->\n<p>Por ejemplo, usamos cookies en los siguientes casos: - Cuando te logas en tu cuenta - Un hist\u00f3rico de tus preferencias para tu pr\u00f3xima visita - Proporcionar contenido personalizadoCONFIGURA TUS COOKIESTIPOS Y FINALIDADDESACTIVAR COOKIESCOOKIES EMPLEADAS<\/p>\n<!-- \/wp:paragraph -->\n\n<!-- wp:paragraph -->\n<p>Cookies propias<\/p>\n<!-- \/wp:paragraph -->\n\n<!-- wp:paragraph -->\n<p>Las creadas o gestionadas por el responsable de la p\u00e1gina web.<\/p>\n<!-- \/wp:paragraph -->\n\n<!-- wp:paragraph -->\n<p><strong>Finalidades t\u00e9cnicas:<\/strong>&nbsp;Son aqu\u00e9llas que permiten al usuario la navegaci\u00f3n a trav\u00e9s de una p\u00e1gina web, plataforma o aplicaci\u00f3n y la utilizaci\u00f3n de las diferentes opciones o servicios que en ella existan como, por ejemplo, controlar el tr\u00e1fico y la comunicaci\u00f3n de datos o almacenar contenidos para la difusi\u00f3n de videos o sonido.<\/p>\n<!-- \/wp:paragraph -->\n\n<!-- wp:paragraph -->\n<p><strong>Finalidad de an\u00e1lisis:<\/strong>&nbsp;Son aqu\u00e9llas que permiten el seguimiento y an\u00e1lisis del comportamiento de los usuarios de la p\u00e1gina web, para la elaboraci\u00f3n de perfiles de navegaci\u00f3n, con el fin de introducir mejoras en funci\u00f3n del an\u00e1lisis de los datos de uso que se haga sobre la web. Entre otros datos, un identificador de usuario por sesi\u00f3n y la fecha de primera conexi\u00f3n a la web y de la ocasi\u00f3n anterior en la que accedi\u00f3 a la web.<\/p>\n<!-- \/wp:paragraph -->\n\n<!-- wp:paragraph -->\n<p><strong>Finalidad de personalizaci\u00f3n:<\/strong>&nbsp;Estas cookies almacenan informaci\u00f3n del comportamiento del usuario obtenida a trav\u00e9s del registro de sus h\u00e1bitos de navegaci\u00f3n, lo que permite desarrollar un perfil espec\u00edfico para ofrecer informaci\u00f3n comercial adaptada a sus gustos y preferencias. Almacenan informaci\u00f3n como el tipo de conexi\u00f3n, idioma, patrones de navegaci\u00f3n o ubicaci\u00f3n.<\/p>\n<!-- \/wp:paragraph -->\n\n<!-- wp:paragraph -->\n<p>Cookies de terceros<\/p>\n<!-- \/wp:paragraph -->\n\n<!-- wp:paragraph -->\n<p>Son cookies servidas y administradas por prestadores de servicios publicitarios y\/o de an\u00e1lisis ajenos al responsable de la p\u00e1gina web.<\/p>\n<!-- \/wp:paragraph -->\n\n<!-- wp:paragraph -->\n<p>Estas cookies permiten la gesti\u00f3n eficaz y adaptada a las preferencias del usuario de campa\u00f1as publicitarias e informativas. Pueden almacenar informaci\u00f3n del comportamiento de los usuarios de qdqmedia.com para desarrollar un perfil espec\u00edfico para mostrar publicidad en funci\u00f3n de sus intereses.<\/p>\n<!-- \/wp:paragraph -->\n\n<!-- wp:paragraph -->\n<p>Al final de esta p\u00e1gina, se detallan tanto los terceros que pueden configurar y acceder a cookies de su equipo (no exentas de informaci\u00f3n y consentimiento), como enlaces a la pol\u00edtica de privacidad de estos proveedores.<\/p>\n<!-- \/wp:paragraph -->\n\n<!-- wp:list -->\n<ul><li><\/li><\/ul>\n<!-- \/wp:list -->","_et_gb_content_width":"","footnotes":""},"class_list":["post-293","page","type-page","status-publish","hentry"],"_links":{"self":[{"href":"https:\/\/ristorantelincontrosantiago.es\/index.php\/wp-json\/wp\/v2\/pages\/293","targetHints":{"allow":["GET"]}}],"collection":[{"href":"https:\/\/ristorantelincontrosantiago.es\/index.php\/wp-json\/wp\/v2\/pages"}],"about":[{"href":"https:\/\/ristorantelincontrosantiago.es\/index.php\/wp-json\/wp\/v2\/types\/page"}],"author":[{"embeddable":true,"href":"https:\/\/ristorantelincontrosantiago.es\/index.php\/wp-json\/wp\/v2\/users\/1"}],"replies":[{"embeddable":true,"href":"https:\/\/ristorantelincontrosantiago.es\/index.php\/wp-json\/wp\/v2\/comments?post=293"}],"version-history":[{"count":7,"href":"https:\/\/ristorantelincontrosantiago.es\/index.php\/wp-json\/wp\/v2\/pages\/293\/revisions"}],"predecessor-version":[{"id":587,"href":"https:\/\/ristorantelincontrosantiago.es\/index.php\/wp-json\/wp\/v2\/pages\/293\/revisions\/587"}],"wp:attachment":[{"href":"https:\/\/ristorantelincontrosantiago.es\/index.php\/wp-json\/wp\/v2\/media?parent=293"}],"curies":[{"name":"wp","href":"https:\/\/api.w.org\/{rel}","templated":true}]}}