{"id":3,"date":"2021-05-17T18:34:01","date_gmt":"2021-05-17T18:34:01","guid":{"rendered":"http:\/\/ristorantelincontrosantiago.es\/?page_id=3"},"modified":"2022-04-22T12:41:48","modified_gmt":"2022-04-22T12:41:48","slug":"politica-privacidad","status":"publish","type":"page","link":"https:\/\/ristorantelincontrosantiago.es\/index.php\/politica-privacidad\/","title":{"rendered":"Pol\u00edtica de privacidad"},"content":{"rendered":"<p>[et_pb_section fb_built=\u00bb1&#8243; admin_label=\u00bbsection\u00bb _builder_version=\u00bb4.16&#8243; global_colors_info=\u00bb{}\u00bb][et_pb_row admin_label=\u00bbrow\u00bb _builder_version=\u00bb4.16&#8243; background_size=\u00bbinitial\u00bb background_position=\u00bbtop_left\u00bb background_repeat=\u00bbrepeat\u00bb global_colors_info=\u00bb{}\u00bb][et_pb_column type=\u00bb4_4&#8243; _builder_version=\u00bb4.16&#8243; custom_padding=\u00bb|||\u00bb global_colors_info=\u00bb{}\u00bb custom_padding__hover=\u00bb|||\u00bb][et_pb_text admin_label=\u00bbText\u00bb _builder_version=\u00bb4.16&#8243; background_size=\u00bbinitial\u00bb background_position=\u00bbtop_left\u00bb background_repeat=\u00bbrepeat\u00bb width=\u00bb100%\u00bb global_colors_info=\u00bb{}\u00bb]<\/p>\n<h3 style=\"text-align: center;\"><strong>POLITICA DE PRIVACIDAD<\/strong><\/h3>\n<p>Cartaenelmovil.es\u00a0no es responsable de la recogida de datos personales a los usuarios en este apartado, ni ser\u00e1 el encargado del tratamiento de los mismos.<br \/> A los efectos del cumplimiento del Reglamento (UE) 2016\/679 del Parlamento Europeo, de 27 de abril (GDPR), y la Ley Org\u00e1nica 3\/2018, de Protecci\u00f3n de Datos Personales y garant\u00eda de los derechos digitales de 5 de diciembre (LOPDGDD), se establece la siguiente informaci\u00f3n:<\/p>\n<p>Responsable Tratamiento<br \/> Raz\u00f3n social: MAR\u00cdA MICHELA SAPONARO<br \/> NIF\/CIF: X2494010M<br \/> Direcci\u00f3n:\u00a0Rua do Vilar 52. CP15701 &#8211; Santiago de Compostela<br \/> Correo: annalisa.ostuni@gmail.com<\/p>\n<p><strong>Finalidad<\/strong><br \/> Se trata la informaci\u00f3n que nos facilitan las personas interesadas a trav\u00e9s de cualquiera de los diferentes formularios que se ponen a su disposici\u00f3n en la p\u00e1gina web, con el fin de gestionar el env\u00edo de la informaci\u00f3n que nos soliciten, pudiendo elaborarse, de ser necesario, un perfil comercial, en base a la informaci\u00f3n facilitada. No se tomar\u00e1n decisiones automatizadas en base a dicho perfil. Los datos personales proporcionados se conservar\u00e1n mientras se mantenga la relaci\u00f3n mercantil, y no se solicite su supresi\u00f3n por el interesado.<\/p>\n<p><strong>Legitimaci\u00f3n<\/strong><br \/> Se solicita el consentimiento del interesado para el tratamiento de sus datos y la oferta prospectiva de productos y servicios.<\/p>\n<p><strong>Destinatarios<\/strong><br \/> Los datos personales no se ceder\u00e1n a terceros, salvo en su caso, otras empresas de grupo para fines administrativos internos.<\/p>\n<p><strong>Derechos<\/strong><br \/> Los interesados \u200b\u200btienen derecho a acceder a sus datos personales, as\u00ed como a solicitar la rectificaci\u00f3n de los datos inexactos o, en su caso, solicitar su supresi\u00f3n cuando los datos ya no sean necesarios para los fines que fueron recogidos. Los interesados \u200b\u200ben determinadas circunstancias tambi\u00e9n podr\u00e1n limitar u oponerse al tratamiento de sus datos, as\u00ed como solicitar la portabilidad de los mismos. Tambi\u00e9n tendr\u00e1 derecho a retirar su consentimiento y a presentar una queja ante la Autoridad de Control. Para ejercer sus derechos deber\u00e1 dirigirse al Responsable en la direcci\u00f3n que figura en el primer cuadro, acompa\u00f1ado de copia del documento de identidad del interesado.<\/p>\n<p><strong>1. \u00bfQui\u00e9n es el responsable del tratamiento de tus datos personales?<\/strong><br \/> MAR\u00cdA MICHELA SAPONARO, NIF\/ CIF: X2494010M, direcci\u00f3n:\u00a0Rua Del villar, ( Casco Hist\u00f3rico), 52\u00a015705\u00a0Santiago de Compostela\u00a0y correo electr\u00f3nico annalisa.ostuni@gmail.com es el RESPONSABLE del tratamiento de los datos personales del USUARIO y le informa de que estos datos ser\u00e1n tratados de conformidad con lo dispuesto en el Reglamento (UE) 2016\/679, de 27 de abril (GDPR), y la Ley Org\u00e1nica 3\/2018, de 5 de diciembre (LOPDGDD).<\/p>\n<p><strong>2. \u00bfCon qu\u00e9 finalidad se tratan los datos y cu\u00e1l es la base que legitima el tratamiento?<\/strong><br \/> Se trata la informaci\u00f3n que nos facilitan las personas interesadas con el fin de gestionar el env\u00edo de la informaci\u00f3n que nos soliciten, pudiendo elaborarse, de ser necesario, un perfil comercial, en base a la informaci\u00f3n facilitada. Tramitar encargos, solicitudes, dar respuesta a las consultas o cualquier tipo de petici\u00f3n que sea realizada por el USUARIO a trav\u00e9s de cualquiera de las formas de contacto que se ponen a su disposici\u00f3n en la p\u00e1gina web del RESPONSABLE.<\/p>\n<p><strong>3. \u00bfCu\u00e1nto tiempo se conservan los datos?<\/strong><br \/> Los datos personales proporcionados se conservar\u00e1n mientras se mantenga la relaci\u00f3n mercantil, y no se solicite su supresi\u00f3n por el interesado. Cuando ya no sea necesario, se suprimir\u00e1n con las medidas de seguridad adecuadas.<\/p>\n<p><strong>4. \u00bfQu\u00e9 derechos existen y c\u00f3mo ejercerlos?<\/strong><br \/> Las personas interesadas tienen derecho a acceder a sus datos personales, as\u00ed como a solicitar la rectificaci\u00f3n de los datos inexactos o, en su caso, solicitar su supresi\u00f3n cuando, los datos ya no sean necesarios para los fines que fueron recogidos. Tambi\u00e9n los interesados en determinadas circunstancias podr\u00e1n oponerse al tratamiento de sus datos. Tambi\u00e9n tendr\u00e1 derecho a retirar el consentimiento prestado y a reclamar ante la Autoridad de Control.<\/p>\n<p>Para ejercer sus derechos deber\u00e1 ponerse en contacto con el Responsable en la direcci\u00f3n\u00a0Rua do Vilar, 52\u00a015705\u00a0Santiago de Compostela\u00a0acompa\u00f1ado de copia documento de identidad del interesado.<\/p>\n<p>La normativa vigente de protecci\u00f3n de datos le ampara en una serie de derechos en relaci\u00f3n al uso que le damos a sus datos. Todos y cada uno de sus derechos son unipersonales e intransferibles, es decir, que \u00fanicamente pueden ser realizados por el titular de los datos, previa comprobaci\u00f3n de su identidad.<\/p>\n<p>A continuaci\u00f3n le indicamos cuales son los derechos que le asisten:<\/p>\n<p>* Solicitar el ACCESO a sus datos personales.<br \/> * Solicitar la RECTIFICACION de sus datos.<br \/> * Solicitar la SUPRESI\u00d3N o eliminaci\u00f3n de sus datos (derecho al \u00abolvido\u00bb).<br \/> * LIMITAR u OPONERSE al uso que le damos a sus datos.<br \/> * Derecho a la PORTABILIDAD de sus datos para casos de servicios de telecomunicaciones o internet.<br \/> * Derecho a RETIRAR su consentimiento en cualquier momento.<br \/> * Tendr\u00e1 derecho a presentar una reclamaci\u00f3n ante la Agencia Espa\u00f1ola de Protecci\u00f3n de Datos a trav\u00e9s de www.aepd.es.<br \/> Para el ejercicio de sus derechos de acceso, rectificaci\u00f3n, supresi\u00f3n, limitaci\u00f3n u oposici\u00f3n, portabilidad y retirada de su consentimiento, deber\u00e1 ponerse en contacto con el Responsable en la direcci\u00f3n\u00a0Rua do Vilar 52,\u00a0 15705\u00a0Santiago de Compostela\u00a0.<\/p>\n<p><strong>\u00a05. \u00bfA qui\u00e9n facilitamos tus datos personales? Destinatarios<\/strong><br \/> Los datos personales no se ceder\u00e1n a terceros, salvo en su caso, otras empresas de grupo para fines administrativos internos o salvo obligaci\u00f3n legal.<\/p>\n<p><strong>\u00a06. \u00bfSe toman decisiones automatizadas?<\/strong><br \/> No se tomar\u00e1n decisiones automatizadas en base al perfil comercial.<\/p>\n<p><strong>7. \u00bfSe realizan transferencias internacionales de datos?<\/strong><br \/> No realizamos transferencias internacionales de sus datos<\/p>\n<p><strong>8. \u00bfPor qu\u00e9 motivo podemos tratar tus datos personales?<\/strong><br \/> Se solicita el consentimiento del interesado para el tratamiento de sus datos y la oferta prospectiva de productos y servicios. Los datos personales obtenidos a trav\u00e9s de los formularios del sitio web ser\u00e1n tratados \u00fanicamente en base al consentimiento otorgado por el interesado, a trav\u00e9s de la aceptaci\u00f3n de la casilla dispuesta para tal fin. Este consentimiento puede ser retirado en cualquier momento.<\/p>\n<p>Inter\u00e9s leg\u00edtimo del responsable. La informaci\u00f3n estad\u00edstica obtenida del sitio web ser\u00e1 tratada en base al inter\u00e9s leg\u00edtimo del responsable. Esta informaci\u00f3n no permite identificar al usuario.<\/p>\n<p><strong>\u00a0Aviso legal<\/strong><br \/> Todos los textos, fotograf\u00edas, logotipos, cupones, productos, servicios e im\u00e1genes visualizadas, as\u00ed como, en su caso, los mensajes de voz, son recogidos por cartaenelmovil.es bajo la responsabilidad \u00fanica y exclusiva del Anunciante, quien es responsable de la veracidad de la informaci\u00f3n contenida en la p\u00e1gina web.<\/p>\n<p>Existen hojas de reclamaciones a disposici\u00f3n del consumidor en la direcci\u00f3n de MAR\u00cdA MICHELA SAPONARO, NIF\/ CIF: X2494010M:\u00a0Rua do Vilar 52,\u00a0 15705\u00a0Santiago de Compostela\u00a0, pudiendo ponerse en contacto en cualquier momento en la direcci\u00f3n de correo electr\u00f3nico annalisa.ostuni@gmail.com<\/p>\n<p>De acuerdo a lo previsto en la legislaci\u00f3n nacional y comunitaria con respecto a protecci\u00f3n al consumidor, se ofrece la posibilidad de recurrir a un mecanismo de reclamaci\u00f3n y resoluci\u00f3n de conflicto en l\u00ednea, conforme al art\u00edculo 14 del Reglamento 524\/2013 de la UE. La Comisi\u00f3n facilita esta plataforma que est\u00e1 disponible en el siguiente enlace:\u00a0<a href=\"https:\/\/ec.europa.eu\/consumers\/odr\/main\/index.cfm?event=main.home2.show&amp;lng=ES\" target=\"_blank\" rel=\"noopener noreferrer\">https:\/\/ec.europa.eu\/consumers\/odr\/main\/index.cfm?event=main.home2.show&amp;lng=ES<\/a><\/p>\n<p>[\/et_pb_text][\/et_pb_column][\/et_pb_row][\/et_pb_section][et_pb_section fb_built=\u00bb1&#8243; fullwidth=\u00bbon\u00bb _builder_version=\u00bb4.16&#8243; _module_preset=\u00bbdefault\u00bb global_colors_info=\u00bb{}\u00bb][\/et_pb_section]<\/p>\n","protected":false},"excerpt":{"rendered":"<p>POLITICA DE PRIVACIDAD Cartaenelmovil.es\u00a0no es responsable de la recogida de datos personales a los usuarios en este apartado, ni ser\u00e1 el encargado del tratamiento de los mismos. A los efectos del cumplimiento del Reglamento (UE) 2016\/679 del Parlamento Europeo, de 27 de abril (GDPR), y la Ley Org\u00e1nica 3\/2018, de Protecci\u00f3n de Datos Personales y [&hellip;]<\/p>\n","protected":false},"author":1,"featured_media":0,"parent":0,"menu_order":0,"comment_status":"closed","ping_status":"closed","template":"","meta":{"_et_pb_use_builder":"on","_et_pb_old_content":"<!-- wp:heading --><h2>Qui\u00e9nes somos<\/h2><!-- \/wp:heading --><!-- wp:paragraph --><p><strong class=\"privacy-policy-tutorial\">Texto sugerido: <\/strong>La direcci\u00f3n de nuestra web es: http:\/\/ristorantelincontrosantiago.es.<\/p><!-- \/wp:paragraph --><!-- wp:heading --><h2>Comentarios<\/h2><!-- \/wp:heading --><!-- wp:paragraph --><p><strong class=\"privacy-policy-tutorial\">Texto sugerido: <\/strong>Cuando los visitantes dejan comentarios en la web, recopilamos los datos que se muestran en el formulario de comentarios, as\u00ed como la direcci\u00f3n IP del visitante y la cadena de agentes de usuario del navegador para ayudar a la detecci\u00f3n de spam.<\/p><!-- \/wp:paragraph --><!-- wp:paragraph --><p>Una cadena an\u00f3nima creada a partir de tu direcci\u00f3n de correo electr\u00f3nico (tambi\u00e9n llamada hash) puede ser proporcionada al servicio de Gravatar para ver si la est\u00e1s usando. La pol\u00edtica de privacidad del servicio Gravatar est\u00e1 disponible aqu\u00ed: https:\/\/automattic.com\/privacy\/. Despu\u00e9s de la aprobaci\u00f3n de tu comentario, la imagen de tu perfil es visible para el p\u00fablico en el contexto de tu comentario.<\/p><!-- \/wp:paragraph --><!-- wp:heading --><h2>Medios<\/h2><!-- \/wp:heading --><!-- wp:paragraph --><p><strong class=\"privacy-policy-tutorial\">Texto sugerido: <\/strong>Si subes im\u00e1genes a la web, deber\u00edas evitar subir im\u00e1genes con datos de ubicaci\u00f3n (GPS EXIF) incluidos. Los visitantes de la web pueden descargar y extraer cualquier dato de ubicaci\u00f3n de las im\u00e1genes de la web.<\/p><!-- \/wp:paragraph --><!-- wp:heading --><h2>Cookies<\/h2><!-- \/wp:heading --><!-- wp:paragraph --><p><strong class=\"privacy-policy-tutorial\">Texto sugerido: <\/strong>Si dejas un comentario en nuestro sitio puedes elegir guardar tu nombre, direcci\u00f3n de correo electr\u00f3nico y web en cookies. Esto es para tu comodidad, para que no tengas que volver a rellenar tus datos cuando dejes otro comentario. Estas cookies tendr\u00e1n una duraci\u00f3n de un a\u00f1o.<\/p><!-- \/wp:paragraph --><!-- wp:paragraph --><p>Si tienes una cuenta y te conectas a este sitio, instalaremos una cookie temporal para determinar si tu navegador acepta cookies. Esta cookie no contiene datos personales y se elimina al cerrar el navegador.<\/p><!-- \/wp:paragraph --><!-- wp:paragraph --><p>Cuando accedas, tambi\u00e9n instalaremos varias cookies para guardar tu informaci\u00f3n de acceso y tus opciones de visualizaci\u00f3n de pantalla. Las cookies de acceso duran dos d\u00edas, y las cookies de opciones de pantalla duran un a\u00f1o. Si seleccionas \u00abRecu\u00e9rdarme\u00bb, tu acceso perdurar\u00e1 durante dos semanas. Si sales de tu cuenta, las cookies de acceso se eliminar\u00e1n.<\/p><!-- \/wp:paragraph --><!-- wp:paragraph --><p>Si editas o publicas un art\u00edculo se guardar\u00e1 una cookie adicional en tu navegador. Esta cookie no incluye datos personales y simplemente indica el ID del art\u00edculo que acabas de editar. Caduca despu\u00e9s de 1 d\u00eda.<\/p><!-- \/wp:paragraph --><!-- wp:heading --><h2>Contenido incrustado de otros sitios web<\/h2><!-- \/wp:heading --><!-- wp:paragraph --><p><strong class=\"privacy-policy-tutorial\">Texto sugerido: <\/strong>Los art\u00edculos de este sitio pueden incluir contenido incrustado (por ejemplo, v\u00eddeos, im\u00e1genes, art\u00edculos, etc.). El contenido incrustado de otras webs se comporta exactamente de la misma manera que si el visitante hubiera visitado la otra web.<\/p><!-- \/wp:paragraph --><!-- wp:paragraph --><p>Estas web pueden recopilar datos sobre ti, utilizar cookies, incrustar un seguimiento adicional de terceros, y supervisar tu interacci\u00f3n con ese contenido incrustado, incluido el seguimiento de tu interacci\u00f3n con el contenido incrustado si tienes una cuenta y est\u00e1s conectado a esa web.<\/p><!-- \/wp:paragraph --><!-- wp:heading --><h2>Con qui\u00e9n compartimos tus datos<\/h2><!-- \/wp:heading --><!-- wp:paragraph --><p><strong class=\"privacy-policy-tutorial\">Texto sugerido: <\/strong>Si solicitas un restablecimiento de contrase\u00f1a, tu direcci\u00f3n IP ser\u00e1 incluida en el correo electr\u00f3nico de restablecimiento.<\/p><!-- \/wp:paragraph --><!-- wp:heading --><h2>Cu\u00e1nto tiempo conservamos tus datos<\/h2><!-- \/wp:heading --><!-- wp:paragraph --><p><strong class=\"privacy-policy-tutorial\">Texto sugerido: <\/strong>Si dejas un comentario, el comentario y sus metadatos se conservan indefinidamente. Esto es para que podamos reconocer y aprobar comentarios sucesivos autom\u00e1ticamente, en lugar de mantenerlos en una cola de moderaci\u00f3n.<\/p><!-- \/wp:paragraph --><!-- wp:paragraph --><p>De los usuarios que se registran en nuestra web (si los hay), tambi\u00e9n almacenamos la informaci\u00f3n personal que proporcionan en su perfil de usuario. Todos los usuarios pueden ver, editar o eliminar su informaci\u00f3n personal en cualquier momento (excepto que no pueden cambiar su nombre de usuario). Los administradores de la web tambi\u00e9n pueden ver y editar esa informaci\u00f3n.<\/p><!-- \/wp:paragraph --><!-- wp:heading --><h2>Qu\u00e9 derechos tienes sobre tus datos<\/h2><!-- \/wp:heading --><!-- wp:paragraph --><p><strong class=\"privacy-policy-tutorial\">Texto sugerido: <\/strong>Si tienes una cuenta o has dejado comentarios en esta web, puedes solicitar recibir un archivo de exportaci\u00f3n de los datos personales que tenemos sobre ti, incluyendo cualquier dato que nos hayas proporcionado. Tambi\u00e9n puedes solicitar que eliminemos cualquier dato personal que tengamos sobre ti. Esto no incluye ning\u00fan dato que estemos obligados a conservar con fines administrativos, legales o de seguridad.<\/p><!-- \/wp:paragraph --><!-- wp:heading --><h2>D\u00f3nde enviamos tus datos<\/h2><!-- \/wp:heading --><!-- wp:paragraph --><p><strong class=\"privacy-policy-tutorial\">Texto sugerido: <\/strong>Los comentarios de los visitantes puede que los revise un servicio de detecci\u00f3n autom\u00e1tica de spam.<\/p><!-- \/wp:paragraph -->","_et_gb_content_width":"","footnotes":""},"class_list":["post-3","page","type-page","status-publish","hentry"],"_links":{"self":[{"href":"https:\/\/ristorantelincontrosantiago.es\/index.php\/wp-json\/wp\/v2\/pages\/3","targetHints":{"allow":["GET"]}}],"collection":[{"href":"https:\/\/ristorantelincontrosantiago.es\/index.php\/wp-json\/wp\/v2\/pages"}],"about":[{"href":"https:\/\/ristorantelincontrosantiago.es\/index.php\/wp-json\/wp\/v2\/types\/page"}],"author":[{"embeddable":true,"href":"https:\/\/ristorantelincontrosantiago.es\/index.php\/wp-json\/wp\/v2\/users\/1"}],"replies":[{"embeddable":true,"href":"https:\/\/ristorantelincontrosantiago.es\/index.php\/wp-json\/wp\/v2\/comments?post=3"}],"version-history":[{"count":12,"href":"https:\/\/ristorantelincontrosantiago.es\/index.php\/wp-json\/wp\/v2\/pages\/3\/revisions"}],"predecessor-version":[{"id":682,"href":"https:\/\/ristorantelincontrosantiago.es\/index.php\/wp-json\/wp\/v2\/pages\/3\/revisions\/682"}],"wp:attachment":[{"href":"https:\/\/ristorantelincontrosantiago.es\/index.php\/wp-json\/wp\/v2\/media?parent=3"}],"curies":[{"name":"wp","href":"https:\/\/api.w.org\/{rel}","templated":true}]}}